{"id":2889,"date":"2025-03-20T15:11:13","date_gmt":"2025-03-20T14:11:13","guid":{"rendered":"https:\/\/borsmosecamping.dk\/neuheit\/"},"modified":"2025-04-15T11:33:27","modified_gmt":"2025-04-15T09:33:27","slug":"neuheit","status":"publish","type":"page","link":"https:\/\/borsmosecamping.dk\/de\/neuheit\/","title":{"rendered":"Neuheit"},"content":{"rendered":"\t\t<div data-elementor-type=\"wp-page\" data-elementor-id=\"2889\" class=\"elementor elementor-2889 elementor-2883\" data-elementor-post-type=\"page\">\n\t\t\t\t\t\t<section class=\"elementor-section elementor-top-section elementor-element elementor-element-5516726e elementor-section-boxed elementor-section-height-default elementor-section-height-default\" data-id=\"5516726e\" data-element_type=\"section\" data-settings=\"{&quot;jet_parallax_layout_list&quot;:[]}\">\n\t\t\t\t\t\t<div class=\"elementor-container elementor-column-gap-default\">\n\t\t\t\t\t<div class=\"elementor-column elementor-col-100 elementor-top-column elementor-element elementor-element-3b9ed1a3\" data-id=\"3b9ed1a3\" data-element_type=\"column\">\n\t\t\t<div class=\"elementor-widget-wrap elementor-element-populated\">\n\t\t\t\t\t\t<div class=\"elementor-element elementor-element-64c80241 elementor-widget elementor-widget-text-editor\" data-id=\"64c80241\" data-element_type=\"widget\" data-widget_type=\"text-editor.default\">\n\t\t\t\t<div class=\"elementor-widget-container\">\n\t\t\t\t\t\t\t<p><img fetchpriority=\"high\" decoding=\"async\" class=\"alignnone size-medium wp-image-2992\" src=\"https:\/\/borsmosecamping.dk\/wp-content\/uploads\/2025\/04\/PXL_20250415_0613593522-300x201.jpg\" alt=\"\" width=\"300\" height=\"201\" srcset=\"https:\/\/borsmosecamping.dk\/wp-content\/uploads\/2025\/04\/PXL_20250415_0613593522-300x201.jpg 300w, https:\/\/borsmosecamping.dk\/wp-content\/uploads\/2025\/04\/PXL_20250415_0613593522-1024x687.jpg 1024w, https:\/\/borsmosecamping.dk\/wp-content\/uploads\/2025\/04\/PXL_20250415_0613593522-768x515.jpg 768w, https:\/\/borsmosecamping.dk\/wp-content\/uploads\/2025\/04\/PXL_20250415_0613593522-1536x1030.jpg 1536w, https:\/\/borsmosecamping.dk\/wp-content\/uploads\/2025\/04\/PXL_20250415_0613593522-2048x1373.jpg 2048w\" sizes=\"(max-width: 300px) 100vw, 300px\" \/><\/p>\n<p>B\u00f8rsmose Caf\u00e9<\/p>\n<p>T\u00e4glich ge\u00f6ffnet<\/p>\n<p>08:00 &#8211; 18:00<\/p>\n\t\t\t\t\t\t<\/div>\n\t\t\t\t<\/div>\n\t\t\t\t\t<\/div>\n\t\t<\/div>\n\t\t\t\t\t<\/div>\n\t\t<\/section>\n\t\t\t\t<\/div>\n\t\t","protected":false},"excerpt":{"rendered":"<p>B\u00f8rsmose Caf\u00e9 T\u00e4glich ge\u00f6ffnet 08:00 &#8211; 18:00<\/p>\n","protected":false},"author":4,"featured_media":0,"parent":0,"menu_order":0,"comment_status":"closed","ping_status":"closed","template":"","meta":{"_acf_changed":false,"footnotes":""},"acf":[],"_links":{"self":[{"href":"https:\/\/borsmosecamping.dk\/de\/wp-json\/wp\/v2\/pages\/2889"}],"collection":[{"href":"https:\/\/borsmosecamping.dk\/de\/wp-json\/wp\/v2\/pages"}],"about":[{"href":"https:\/\/borsmosecamping.dk\/de\/wp-json\/wp\/v2\/types\/page"}],"author":[{"embeddable":true,"href":"https:\/\/borsmosecamping.dk\/de\/wp-json\/wp\/v2\/users\/4"}],"replies":[{"embeddable":true,"href":"https:\/\/borsmosecamping.dk\/de\/wp-json\/wp\/v2\/comments?post=2889"}],"version-history":[{"count":2,"href":"https:\/\/borsmosecamping.dk\/de\/wp-json\/wp\/v2\/pages\/2889\/revisions"}],"predecessor-version":[{"id":3023,"href":"https:\/\/borsmosecamping.dk\/de\/wp-json\/wp\/v2\/pages\/2889\/revisions\/3023"}],"wp:attachment":[{"href":"https:\/\/borsmosecamping.dk\/de\/wp-json\/wp\/v2\/media?parent=2889"}],"curies":[{"name":"wp","href":"https:\/\/api.w.org\/{rel}","templated":true}]}}